{"id":3906,"date":"2024-04-16T15:34:03","date_gmt":"2024-04-16T13:34:03","guid":{"rendered":"https:\/\/www.burghof-kyf.de\/?page_id=3906"},"modified":"2025-09-10T13:25:03","modified_gmt":"2025-09-10T11:25:03","slug":"impressum","status":"publish","type":"page","link":"https:\/\/www.burghof-kyf.de\/en\/impressum\/","title":{"rendered":"Legal Notice"},"content":{"rendered":"<p><strong>Herausgeber:<\/strong><\/p>\n\n\n\n<p>Burghof Kyffh\u00e4user Betreibergesellschaft mbH<\/p>\n\n\n\n<p>Kyffh\u00e4user 4<\/p>\n\n\n\n<p>99707 Kyffh\u00e4userland<\/p>\n\n\n\n<p>Tel. +49 34651 45222<\/p>\n\n\n\n<p>Fax +49 34651 45410<\/p>\n\n\n\n<p>info@burghof-kyf.de<\/p>\n\n\n\n<p><strong>Handelsregister:<\/strong><\/p>\n\n\n\n<p>Amtsgericht Jena, HRB 405942<\/p>\n\n\n\n<p><strong>Umsatzsteuer-ID: <\/strong><\/p>\n\n\n\n<p>DE 235304165<\/p>\n\n\n\n<p><strong>Inhaltliche Verantwortung:<\/strong><\/p>\n\n\n\n<p>Catrin Auerbach<\/p>\n\n\n\n<p>Gesch\u00e4ftsf\u00fchrerin<\/p>\n\n\n\n<p><strong>Technische Umsetzung<\/strong>:<\/p>\n\n\n\n<p>Unser Internetauftritt wurde durch Hannes Schulz M. Sc. erstellt und wird durch unsere Firma Burghof Kyffh\u00e4user Betreibergesellschaft mbH gepflegt.<\/p>\n\n\n\n<p>Burghof Kyffh\u00e4user Betreibergesellschaft mbH<\/p>\n\n\n\n<p>Kyffh\u00e4user 4<\/p>\n\n\n\n<p>99707 Kyffh\u00e4userland<\/p>\n\n\n\n<p>Tel. +49 34651 45222<\/p>\n\n\n\n<p>info@burghof-kyf.de<\/p>\n\n\n\n<p><strong>Hosting<\/strong>:<\/p>\n\n\n\n<p>Unser Web-Server wird durch die Firma Strato AG betrieben.<\/p>\n\n\n\n<p>Otto-Ostrowski-Stra\u00dfe 7<\/p>\n\n\n\n<p>10249 Berlin<\/p>\n\n\n\n<p><strong>Nutzungsbedingungen:<\/strong><\/p>\n\n\n\n<p>Texte, Bilder, Grafiken sowie die Gestaltung dieser Internetseiten unterliegen dem Urheberrecht. Sie d\u00fcrfen im Rahmen des \u00a7 53 Urheberrechtsgesetz (UrhG) nur zum privaten oder sonstigem eigenen Gebrauch verwendet werden. Eine ganz oder teilweise vorgenommene Vervielf\u00e4ltigung, Verwendung oder Ver\u00f6ffentlichung dieser Seiten in anderen elektronischen oder gedruckten Publikationen ist nur mit unserer vorherigen schriftlichen Zustimmung gestattet. Diese kann auf Anfrage durch die f\u00fcr den Inhalt verantwortlichen Personen erteilt werden. Der Nachdruck und Auswertung von Pressemitteilungen und Reden sind allgemein mit entsprechender Quellenangabe gestattet.<\/p>\n\n\n\n<p><strong>Urheberrechte Dritter:<\/strong><\/p>\n\n\n\n<p>Weiterhin k\u00f6nnen Texte, Bilder, Grafiken und sonstige Dateien, ganz oder teilweise, dem Urheberrecht Dritter unterliegen. Wir weisen \u2013 innerhalb unserer Internetseiten \u2013 stets in unmittelbarer N\u00e4he zum abgebildeten Werk, auf die jeweiligen Urheber- oder auf andere gleichartige Rechte hin. Zudem finden Sie nachfolgen eine vollst\u00e4ndige Aufz\u00e4hlung der auf unseren Seiten verwendeten Werke:<\/p>\n\n\n\n<p><strong>Texte:<\/strong><\/p>\n\n\n\n<p>Alle Texte wurden durch Mitarbeiter der Burghof Kyffh\u00e4user Betreibergesellschaft mbH<\/p>\n\n\n\n<p>erstellt und aktualisiert.<\/p>\n\n\n\n<p><strong>Bilder:<\/strong><\/p>\n\n\n\n<p>Alle Bilder stammen aus dem Bilderarchiv der Burghof Kyffh\u00e4user Betreibergesellschaft mbH<\/p>\n\n\n\n<p><strong>Logo:<\/strong><\/p>\n\n\n\n<p>Das Logo der Burghof Kyffh\u00e4user Betreibergesellschaft mbH<\/p>\n\n\n\n<p>wurde durch Catrin Auerbach ( Gesch\u00e4ftsf\u00fchrerin) erstellt.<\/p>\n\n\n\n<p><strong>Haftungsausschluss:<\/strong><\/p>\n\n\n\n<p>Alle auf dieser Internetseite bereitgestellten Informationen haben wir nach bestem Wissen und Gewissen erarbeitet und gepr\u00fcft. Eine Gew\u00e4hr f\u00fcr die jederzeitige Aktualit\u00e4t, Richtigkeit, Vollst\u00e4ndigkeit und Verf\u00fcgbarkeit der bereit gestellten Informationen k\u00f6nnen wir allerdings nicht \u00fcbernehmen. Ein Vertragsverh\u00e4ltnis mit den Nutzern dieses Internetangebots kommt nicht zustande. Wir haften nicht f\u00fcr Sch\u00e4den, die durch die Nutzung dieses Internetangebots entstehen. F\u00fcr etwaige Sch\u00e4den, die beim Aufrufen oder Herunterladen von Daten durch Schadsoftware oder der Installation oder Nutzung von Software verursacht werden, wird nicht gehaftet.<\/p>\n\n\n\n<p><strong>Links:<\/strong><\/p>\n\n\n\n<p>Von unseren eigenen Inhalten sind Querverweise (\u201eLinks\u201c) auf Webseiten anderer Anbieter zu unterscheiden. Durch diese externen Links erm\u00f6glichen wir lediglich den Zugang zu einer Nutzung \u201efremder Inhalte\u201c nach \u00a7 8 Telemediengesetz (TMG). Wir sind f\u00fcr diese \u201efremden Inhalte\u201c nicht verantwortlich. Bei der erstmaligen Verkn\u00fcpfung mit diesen Internetangeboten haben wir diese \u201efremden\u201c Inhalte darauf \u00fcberpr\u00fcft, ob durch sie eine m\u00f6gliche zivilrechtliche oder strafrechtliche Verantwortlichkeit ausgel\u00f6st wird. Wir k\u00f6nnen diese fremden Inhalte aber nicht st\u00e4ndig auf Ver\u00e4nderungen \u00fcberpr\u00fcfen und daher auch keine Verantwortung daf\u00fcr \u00fcbernehmen. Dementsprechend machen wir uns diese fremden Inhalte ausdr\u00fccklich nicht zu Eigen. F\u00fcr illegale, fehlerhafte oder unvollst\u00e4ndige Inhalte und insbesondere f\u00fcr Sch\u00e4den, die aus der Nutzung oder Nichtnutzung von Informationen Dritter entstehen, haftet allein der jeweilige Anbieter der Seite.<\/p>\n\n\n\n<p>Namentlich gekennzeichnete Internetseiten, wurden mit Zustimmung der namentlich Genannten verlinkt und geben die Auffassungen und Erkenntnisse der genannten Personen wieder. Nur die genannten Personen haften f\u00fcr die Inhalte und Datenschutzvorkehrungen dieser Seiten.<\/p>\n\n\n\n<p><strong>Streitbeilegungsverfahren:<\/strong><\/p>\n\n\n\n<p>Hinweis zur OS-Plattform entfernt (seit 20. Juli 2025 nicht mehr erforderlich).<\/p>\n\n\n\n<p><\/p>","protected":false},"excerpt":{"rendered":"<p>Herausgeber: Burghof Kyffh\u00e4user Betreibergesellschaft mbH Kyffh\u00e4user 4 99707 Kyffh\u00e4userland Tel. +49 34651 45222 Fax +49 34651 45410 info@burghof-kyf.de Handelsregister: Amtsgericht Jena, HRB 405942 Umsatzsteuer-ID: DE 235304165 Inhaltliche Verantwortung: Catrin Auerbach Gesch\u00e4ftsf\u00fchrerin Technische Umsetzung: Unser Internetauftritt wurde durch Hannes Schulz M. [&hellip;]<\/p>\n","protected":false},"author":1,"featured_media":0,"parent":0,"menu_order":0,"comment_status":"closed","ping_status":"closed","template":"","meta":{"_monsterinsights_skip_tracking":false,"_monsterinsights_sitenote_active":false,"_monsterinsights_sitenote_note":"","_monsterinsights_sitenote_category":0,"footnotes":""},"class_list":["post-3906","page","type-page","status-publish","hentry"],"aioseo_notices":[],"_links":{"self":[{"href":"https:\/\/www.burghof-kyf.de\/en\/wp-json\/wp\/v2\/pages\/3906","targetHints":{"allow":["GET"]}}],"collection":[{"href":"https:\/\/www.burghof-kyf.de\/en\/wp-json\/wp\/v2\/pages"}],"about":[{"href":"https:\/\/www.burghof-kyf.de\/en\/wp-json\/wp\/v2\/types\/page"}],"author":[{"embeddable":true,"href":"https:\/\/www.burghof-kyf.de\/en\/wp-json\/wp\/v2\/users\/1"}],"replies":[{"embeddable":true,"href":"https:\/\/www.burghof-kyf.de\/en\/wp-json\/wp\/v2\/comments?post=3906"}],"version-history":[{"count":4,"href":"https:\/\/www.burghof-kyf.de\/en\/wp-json\/wp\/v2\/pages\/3906\/revisions"}],"predecessor-version":[{"id":5042,"href":"https:\/\/www.burghof-kyf.de\/en\/wp-json\/wp\/v2\/pages\/3906\/revisions\/5042"}],"wp:attachment":[{"href":"https:\/\/www.burghof-kyf.de\/en\/wp-json\/wp\/v2\/media?parent=3906"}],"curies":[{"name":"wp","href":"https:\/\/api.w.org\/{rel}","templated":true}]}}